{"id":9367,"date":"2024-12-12T16:52:57","date_gmt":"2024-12-12T14:52:57","guid":{"rendered":"https:\/\/puhutaankokoiraa.fi\/?post_type=product&#038;p=9367"},"modified":"2025-01-07T00:12:18","modified_gmt":"2025-01-06T22:12:18","slug":"sprichst-du-hund-ebook-deutsch","status":"publish","type":"product","link":"https:\/\/puhutaankokoiraa.fi\/en\/tuote\/sprichst-du-hund-ebook-deutsch","title":{"rendered":"Sprichst Du Hund eBook &#8211; Deutsch"},"content":{"rendered":"<p>\u201cSprichst du Hund\u201c ist kein gew\u00f6hnliches Trainingshandbuch f\u00fcr Hundebesitzer! Dieses Buch macht dich zu einem besseren Hundetrainer bzw. zu einem \u201eHundefl\u00fcsterer\u201c und lehrt dich, wie du auf einer emotionalen Ebene mit deinem Hund kommunizieren kannst.<\/p>\n<p>Das Buch stellt die \u201eInspire ur Dog-Methode\u201c vor, welche von einer Weltmeisterin entwickelt wurde und auf jahrelangen Erfahrungswerten, soliden Untersuchungen und Forschungsergebnissen basiert.<\/p>\n<p>Mit Hilfe von diesem Buch erlernst du eine neue und au\u00dfergew\u00f6hnliche Art der Kommunikation mit deinem Hund. Die verschiedenen Lobstimmen, Techniken zur Kontrolle deiner K\u00f6rpersprache und Methoden aus dem Theaterspiel geben dir das Werkzeug in die Hand um eine v\u00f6llig einzigartige Verbindung zu deinem Hund herzustellen.<\/p>\n<p>Das Buch eignet sich sowohl f\u00fcr den Ersthundebesitzer als auch f\u00fcr den ambitionierten Hundesport-Enthusiasten. Der Weg zu einem gl\u00fccklichen und ausgewogenen Alltagsleben mit einem Hund verl\u00e4uft n\u00e4mlich immer parallel zu dem Weg, der zu hervorragenden Ergebnissen in den verschiedenen Hundesportarten f\u00fchrt.<\/p>\n<blockquote><p>&#8220;Hundehandling-F\u00e4higkeiten k\u00f6nnen von jedem Hundebesitzer erlernt und weiterentwickelt werden. Sie sind es auch wert, gelernt zu werden, denn alle Hunde verdienen ein inspirierendes Leben und einen Besitzer, der flie\u00dfend &#8216;Hund&#8217; spricht.&#8221; \u2013 Mia Skogster<\/p><\/blockquote>\n<p>Mia Skogster ist eine der erfolgreichsten Hundetrainerinnen Finnlands im internationalen Bereich. Sie ist besonders bekannt f\u00fcr die nahezu perfekten Leistungen ihrer Hunde in der Unterordnung, in der ihre Hunde mit Feuereifer dabei sind und vor Inspiration und Freude nur so spr\u00fchen!<br \/>\nIhre zahlreichen Meisterschaftsmedaillen haben Mia weltweit als Coach sehr gefragt gemacht &#8211; mit einer einzigartigen Trainingsphilosophie, die auf klarer emotionaler Kommunikation und Interaktion mit dem Hund basiert.<\/p>\n<p>Alle \u00dcbungen detailliert erl\u00e4utert mit einer Vielzahl von Bildern und Grafiken. Alle \u00dcbungen \u201cAuf einen Blick\u201d zusammengefasst.<\/p>\n","protected":false},"excerpt":{"rendered":"<h3>Weihnachtsangebot: 29,90 \u20ac (Normalpreis: 39,90 \u20ac). G\u00fcltig bis zum 6. Januar 2025!<\/h3>\n<h4>\u201cSprichst du Hund\u201c ist kein gew\u00f6hnliches Trainingshandbuch f\u00fcr Hundebesitzer! Dieses Buch macht dich zu einem besseren Hundetrainer bzw. zu einem \u201eHundefl\u00fcsterer\u201c und lehrt dich, wie du auf einer emotionalen Ebene mit deinem Hund kommunizieren kannst.<\/h4>\n","protected":false},"featured_media":9374,"comment_status":"closed","ping_status":"closed","template":"","meta":[],"product_brand":[],"product_cat":[77],"product_tag":[],"class_list":{"0":"post-9367","1":"product","2":"type-product","3":"status-publish","4":"has-post-thumbnail","6":"product_cat-yleinen-en","8":"first","9":"instock","10":"downloadable","11":"virtual","12":"taxable","13":"purchasable","14":"product-type-simple"},"_links":{"self":[{"href":"https:\/\/puhutaankokoiraa.fi\/en\/wp-json\/wp\/v2\/product\/9367","targetHints":{"allow":["GET"]}}],"collection":[{"href":"https:\/\/puhutaankokoiraa.fi\/en\/wp-json\/wp\/v2\/product"}],"about":[{"href":"https:\/\/puhutaankokoiraa.fi\/en\/wp-json\/wp\/v2\/types\/product"}],"replies":[{"embeddable":true,"href":"https:\/\/puhutaankokoiraa.fi\/en\/wp-json\/wp\/v2\/comments?post=9367"}],"wp:featuredmedia":[{"embeddable":true,"href":"https:\/\/puhutaankokoiraa.fi\/en\/wp-json\/wp\/v2\/media\/9374"}],"wp:attachment":[{"href":"https:\/\/puhutaankokoiraa.fi\/en\/wp-json\/wp\/v2\/media?parent=9367"}],"wp:term":[{"taxonomy":"product_brand","embeddable":true,"href":"https:\/\/puhutaankokoiraa.fi\/en\/wp-json\/wp\/v2\/product_brand?post=9367"},{"taxonomy":"product_cat","embeddable":true,"href":"https:\/\/puhutaankokoiraa.fi\/en\/wp-json\/wp\/v2\/product_cat?post=9367"},{"taxonomy":"product_tag","embeddable":true,"href":"https:\/\/puhutaankokoiraa.fi\/en\/wp-json\/wp\/v2\/product_tag?post=9367"}],"curies":[{"name":"wp","href":"https:\/\/api.w.org\/{rel}","templated":true}]}}